{"id":42,"date":"2021-01-22T16:32:23","date_gmt":"2021-01-22T15:32:23","guid":{"rendered":"http:\/\/bertrand-durieux.fr\/?page_id=42"},"modified":"2022-12-26T09:01:38","modified_gmt":"2022-12-26T08:01:38","slug":"portfolio","status":"publish","type":"page","link":"https:\/\/bertrand-durieux.fr\/index.php\/portfolio\/","title":{"rendered":"Portfolio"},"content":{"rendered":"\t\t<div data-elementor-type=\"wp-page\" data-elementor-id=\"42\" class=\"elementor elementor-42\">\n\t\t\t\t\t\t<div class=\"elementor-inner\">\n\t\t\t\t<div class=\"elementor-section-wrap\">\n\t\t\t\t\t\t\t\t\t<section class=\"elementor-section elementor-top-section elementor-element elementor-element-cab2103 elementor-section-boxed elementor-section-height-default elementor-section-height-default\" data-id=\"cab2103\" data-element_type=\"section\">\n\t\t\t\t\t\t<div class=\"elementor-container elementor-column-gap-default\">\n\t\t\t\t\t\t\t<div class=\"elementor-row\">\n\t\t\t\t\t<div class=\"elementor-column elementor-col-100 elementor-top-column elementor-element elementor-element-e45786f\" data-id=\"e45786f\" data-element_type=\"column\">\n\t\t\t<div class=\"elementor-column-wrap elementor-element-populated\">\n\t\t\t\t\t\t\t<div class=\"elementor-widget-wrap\">\n\t\t\t\t\t\t<div class=\"elementor-element elementor-element-2226421 elementor-widget elementor-widget-image\" data-id=\"2226421\" data-element_type=\"widget\" data-widget_type=\"image.default\">\n\t\t\t\t<div class=\"elementor-widget-container\">\n\t\t\t\t\t\t\t\t<div class=\"elementor-image\">\n\t\t\t\t\t\t\t\t\t\t\t\t<img width=\"681\" height=\"155\" src=\"https:\/\/bertrand-durieux.fr\/wp-content\/uploads\/2021\/01\/logo_p2.png\" class=\"attachment-large size-large wp-image-67\" alt=\"\" loading=\"lazy\" srcset=\"https:\/\/bertrand-durieux.fr\/wp-content\/uploads\/2021\/01\/logo_p2.png 681w, https:\/\/bertrand-durieux.fr\/wp-content\/uploads\/2021\/01\/logo_p2-300x68.png 300w\" sizes=\"(max-width: 681px) 100vw, 681px\" \/>\t\t\t\t\t\t\t\t\t\t\t\t\t\t<\/div>\n\t\t\t\t\t\t<\/div>\n\t\t\t\t<\/div>\n\t\t\t\t<div class=\"elementor-element elementor-element-9750744 elementor-widget elementor-widget-heading\" data-id=\"9750744\" data-element_type=\"widget\" data-widget_type=\"heading.default\">\n\t\t\t\t<div class=\"elementor-widget-container\">\n\t\t\t<h2 class=\"elementor-heading-title elementor-size-default\">Int\u00e9grer un th\u00e8me wordpress pour un client<\/h2>\t\t<\/div>\n\t\t\t\t<\/div>\n\t\t\t\t<div class=\"elementor-element elementor-element-46c47eb elementor-widget elementor-widget-text-editor\" data-id=\"46c47eb\" data-element_type=\"widget\" data-widget_type=\"text-editor.default\">\n\t\t\t\t<div class=\"elementor-widget-container\">\n\t\t\t\t\t\t\t\t<div class=\"elementor-text-editor elementor-clearfix\">\n\t\t\t\t<p>Bravo ! Vous venez de vous lancer en tant que d\u00e9veloppeur freelance et vous avez d\u00e9croch\u00e9 votre premier contrat. Votre client ? L\u2019agence immobili\u00e8re \u201cChalets et caviar\u201d de Courchevel. Cette agence poss\u00e8de une quinzaine de chalets de luxe \u00e0 la vente et une vingtaine en location. Cependant, elle ne poss\u00e8de pas encore de site web pour promouvoir la vente et la location de ses chalets. C\u2019est pour cette raison qu\u2019elle fait appel \u00e0 vous.<\/p>\t\t\t\t\t<\/div>\n\t\t\t\t\t\t<\/div>\n\t\t\t\t<\/div>\n\t\t\t\t<div class=\"elementor-element elementor-element-b9ef8f5 elementor-align-center elementor-widget elementor-widget-button\" data-id=\"b9ef8f5\" data-element_type=\"widget\" data-widget_type=\"button.default\">\n\t\t\t\t<div class=\"elementor-widget-container\">\n\t\t\t\t\t<div class=\"elementor-button-wrapper\">\n\t\t\t<a href=\"https:\/\/projet2.bertrand-durieux.fr\/\" class=\"elementor-button-link elementor-button elementor-size-sm\" role=\"button\">\n\t\t\t\t\t\t<span class=\"elementor-button-content-wrapper\">\n\t\t\t\t\t\t<span class=\"elementor-button-text\">Mon site<\/span>\n\t\t<\/span>\n\t\t\t\t\t<\/a>\n\t\t<\/div>\n\t\t\t\t<\/div>\n\t\t\t\t<\/div>\n\t\t\t\t\t\t<\/div>\n\t\t\t\t\t<\/div>\n\t\t<\/div>\n\t\t\t\t\t\t\t\t<\/div>\n\t\t\t\t\t<\/div>\n\t\t<\/section>\n\t\t\t\t<section class=\"elementor-section elementor-top-section elementor-element elementor-element-981a0c1 elementor-section-boxed elementor-section-height-default elementor-section-height-default\" data-id=\"981a0c1\" data-element_type=\"section\">\n\t\t\t\t\t\t<div class=\"elementor-container elementor-column-gap-default\">\n\t\t\t\t\t\t\t<div class=\"elementor-row\">\n\t\t\t\t\t<div class=\"elementor-column elementor-col-100 elementor-top-column elementor-element elementor-element-a6c4342\" data-id=\"a6c4342\" data-element_type=\"column\">\n\t\t\t<div class=\"elementor-column-wrap elementor-element-populated\">\n\t\t\t\t\t\t\t<div class=\"elementor-widget-wrap\">\n\t\t\t\t\t\t<div class=\"elementor-element elementor-element-0d1f946 elementor-widget elementor-widget-image\" data-id=\"0d1f946\" data-element_type=\"widget\" data-widget_type=\"image.default\">\n\t\t\t\t<div class=\"elementor-widget-container\">\n\t\t\t\t\t\t\t\t<div class=\"elementor-image\">\n\t\t\t\t\t\t\t\t\t\t\t\t<img width=\"222\" height=\"225\" src=\"https:\/\/bertrand-durieux.fr\/wp-content\/uploads\/2021\/01\/gbaf.png\" class=\"attachment-large size-large wp-image-68\" alt=\"\" loading=\"lazy\" \/>\t\t\t\t\t\t\t\t\t\t\t\t\t\t<\/div>\n\t\t\t\t\t\t<\/div>\n\t\t\t\t<\/div>\n\t\t\t\t<div class=\"elementor-element elementor-element-fd9d1aa elementor-widget elementor-widget-heading\" data-id=\"fd9d1aa\" data-element_type=\"widget\" data-widget_type=\"heading.default\">\n\t\t\t\t<div class=\"elementor-widget-container\">\n\t\t\t<h2 class=\"elementor-heading-title elementor-size-default\">R\u00e9alisez l'extranet d'un groupe bancaire<\/h2>\t\t<\/div>\n\t\t\t\t<\/div>\n\t\t\t\t<div class=\"elementor-element elementor-element-ac18a4b elementor-widget elementor-widget-text-editor\" data-id=\"ac18a4b\" data-element_type=\"widget\" data-widget_type=\"text-editor.default\">\n\t\t\t\t<div class=\"elementor-widget-container\">\n\t\t\t\t\t\t\t\t<div class=\"elementor-text-editor elementor-clearfix\">\n\t\t\t\t<p>Cr\u00e9ation d&rsquo;un extranet mettant \u00e0 disposition\u00a0 des ressources pour les salari\u00e9s des diff\u00e9rents membre du Groupe Banque et Assurance Fran\u00e7ais.\u00a0<\/p>\t\t\t\t\t<\/div>\n\t\t\t\t\t\t<\/div>\n\t\t\t\t<\/div>\n\t\t\t\t<div class=\"elementor-element elementor-element-6d8e407 elementor-align-center elementor-widget elementor-widget-button\" data-id=\"6d8e407\" data-element_type=\"widget\" data-widget_type=\"button.default\">\n\t\t\t\t<div class=\"elementor-widget-container\">\n\t\t\t\t\t<div class=\"elementor-button-wrapper\">\n\t\t\t<a href=\"https:\/\/projet3.bertrand-durieux.fr\/public\/\" class=\"elementor-button-link elementor-button elementor-size-sm\" role=\"button\">\n\t\t\t\t\t\t<span class=\"elementor-button-content-wrapper\">\n\t\t\t\t\t\t<span class=\"elementor-button-text\">Mon site<\/span>\n\t\t<\/span>\n\t\t\t\t\t<\/a>\n\t\t<\/div>\n\t\t\t\t<\/div>\n\t\t\t\t<\/div>\n\t\t\t\t\t\t<\/div>\n\t\t\t\t\t<\/div>\n\t\t<\/div>\n\t\t\t\t\t\t\t\t<\/div>\n\t\t\t\t\t<\/div>\n\t\t<\/section>\n\t\t\t\t<section class=\"elementor-section elementor-top-section elementor-element elementor-element-9f79bda elementor-section-boxed elementor-section-height-default elementor-section-height-default\" data-id=\"9f79bda\" data-element_type=\"section\">\n\t\t\t\t\t\t<div class=\"elementor-container elementor-column-gap-default\">\n\t\t\t\t\t\t\t<div class=\"elementor-row\">\n\t\t\t\t\t<div class=\"elementor-column elementor-col-100 elementor-top-column elementor-element elementor-element-2561f78\" data-id=\"2561f78\" data-element_type=\"column\">\n\t\t\t<div class=\"elementor-column-wrap elementor-element-populated\">\n\t\t\t\t\t\t\t<div class=\"elementor-widget-wrap\">\n\t\t\t\t\t\t<div class=\"elementor-element elementor-element-56e7475 elementor-widget elementor-widget-image\" data-id=\"56e7475\" data-element_type=\"widget\" data-widget_type=\"image.default\">\n\t\t\t\t<div class=\"elementor-widget-container\">\n\t\t\t\t\t\t\t\t<div class=\"elementor-image\">\n\t\t\t\t\t\t\t\t\t\t\t\t<img width=\"430\" height=\"162\" src=\"https:\/\/bertrand-durieux.fr\/wp-content\/uploads\/2022\/12\/logo_zgroufs.png\" class=\"attachment-large size-large wp-image-135\" alt=\"\" loading=\"lazy\" srcset=\"https:\/\/bertrand-durieux.fr\/wp-content\/uploads\/2022\/12\/logo_zgroufs.png 430w, https:\/\/bertrand-durieux.fr\/wp-content\/uploads\/2022\/12\/logo_zgroufs-300x113.png 300w\" sizes=\"(max-width: 430px) 100vw, 430px\" \/>\t\t\t\t\t\t\t\t\t\t\t\t\t\t<\/div>\n\t\t\t\t\t\t<\/div>\n\t\t\t\t<\/div>\n\t\t\t\t<div class=\"elementor-element elementor-element-6f7f0e4 elementor-widget elementor-widget-heading\" data-id=\"6f7f0e4\" data-element_type=\"widget\" data-widget_type=\"heading.default\">\n\t\t\t\t<div class=\"elementor-widget-container\">\n\t\t\t<h2 class=\"elementor-heading-title elementor-size-default\">Cr\u00e9ation d'un site pour r\u00e9f\u00e9rencer des r\u00e8gles<\/h2>\t\t<\/div>\n\t\t\t\t<\/div>\n\t\t\t\t<div class=\"elementor-element elementor-element-2fb6626 elementor-widget elementor-widget-text-editor\" data-id=\"2fb6626\" data-element_type=\"widget\" data-widget_type=\"text-editor.default\">\n\t\t\t\t<div class=\"elementor-widget-container\">\n\t\t\t\t\t\t\t\t<div class=\"elementor-text-editor elementor-clearfix\">\n\t\t\t\t<p>Cr\u00e9ation d&rsquo;un site servant de r\u00e9f\u00e9rence pour les r\u00e8gles utiliser durant des parties de jeu de r\u00f4les de Warhammer 4e. Cr\u00e9er en PhP 7 avec Bootstrap 5, requ\u00eates AJAX.<\/p>\t\t\t\t\t<\/div>\n\t\t\t\t\t\t<\/div>\n\t\t\t\t<\/div>\n\t\t\t\t<div class=\"elementor-element elementor-element-db990d2 elementor-align-center elementor-widget elementor-widget-button\" data-id=\"db990d2\" data-element_type=\"widget\" data-widget_type=\"button.default\">\n\t\t\t\t<div class=\"elementor-widget-container\">\n\t\t\t\t\t<div class=\"elementor-button-wrapper\">\n\t\t\t<a href=\"http:\/\/war4online.bertrand-durieux.fr\/pages\/home.php\" class=\"elementor-button-link elementor-button elementor-size-sm\" role=\"button\">\n\t\t\t\t\t\t<span class=\"elementor-button-content-wrapper\">\n\t\t\t\t\t\t<span class=\"elementor-button-text\">Mon site<\/span>\n\t\t<\/span>\n\t\t\t\t\t<\/a>\n\t\t<\/div>\n\t\t\t\t<\/div>\n\t\t\t\t<\/div>\n\t\t\t\t\t\t<\/div>\n\t\t\t\t\t<\/div>\n\t\t<\/div>\n\t\t\t\t\t\t\t\t<\/div>\n\t\t\t\t\t<\/div>\n\t\t<\/section>\n\t\t\t\t\t\t\t\t\t<\/div>\n\t\t\t<\/div>\n\t\t\t\t\t<\/div>\n\t\t","protected":false},"excerpt":{"rendered":"<p>Int\u00e9grer un th\u00e8me wordpress pour un client Bravo ! Vous venez de vous lancer en tant que d\u00e9veloppeur freelance et vous avez d\u00e9croch\u00e9 votre premier contrat. Votre client ? L\u2019agence immobili\u00e8re \u201cChalets et caviar\u201d de Courchevel. Cette agence poss\u00e8de une quinzaine de chalets de luxe \u00e0 la vente et une vingtaine en location. Cependant, elle &hellip;<\/p>\n<p class=\"read-more\"> <a class=\"\" href=\"https:\/\/bertrand-durieux.fr\/index.php\/portfolio\/\"> <span class=\"screen-reader-text\">Portfolio<\/span> Lire la suite\u00a0\u00bb<\/a><\/p>\n","protected":false},"author":1,"featured_media":0,"parent":0,"menu_order":0,"comment_status":"closed","ping_status":"closed","template":"elementor_header_footer","meta":[],"_links":{"self":[{"href":"https:\/\/bertrand-durieux.fr\/index.php\/wp-json\/wp\/v2\/pages\/42"}],"collection":[{"href":"https:\/\/bertrand-durieux.fr\/index.php\/wp-json\/wp\/v2\/pages"}],"about":[{"href":"https:\/\/bertrand-durieux.fr\/index.php\/wp-json\/wp\/v2\/types\/page"}],"author":[{"embeddable":true,"href":"https:\/\/bertrand-durieux.fr\/index.php\/wp-json\/wp\/v2\/users\/1"}],"replies":[{"embeddable":true,"href":"https:\/\/bertrand-durieux.fr\/index.php\/wp-json\/wp\/v2\/comments?post=42"}],"version-history":[{"count":10,"href":"https:\/\/bertrand-durieux.fr\/index.php\/wp-json\/wp\/v2\/pages\/42\/revisions"}],"predecessor-version":[{"id":138,"href":"https:\/\/bertrand-durieux.fr\/index.php\/wp-json\/wp\/v2\/pages\/42\/revisions\/138"}],"wp:attachment":[{"href":"https:\/\/bertrand-durieux.fr\/index.php\/wp-json\/wp\/v2\/media?parent=42"}],"curies":[{"name":"wp","href":"https:\/\/api.w.org\/{rel}","templated":true}]}}